{"id":56,"date":"2016-07-27T19:17:57","date_gmt":"2016-07-27T19:17:57","guid":{"rendered":"http:\/\/www.timecode.nadirfilms.com\/?page_id=56"},"modified":"2018-08-26T11:33:58","modified_gmt":"2018-08-26T09:33:58","slug":"awards","status":"publish","type":"page","link":"https:\/\/timecode.nadirfilms.com\/?page_id=56","title":{"rendered":"AWARDS"},"content":{"rendered":"<p>&nbsp;<\/p>\n<p><img loading=\"lazy\" decoding=\"async\" class=\"alignnone wp-image-406\" src=\"http:\/\/www.timecode.nadirfilms.com\/wp-content\/uploads\/2016\/11\/palme_gris.png\" alt=\"palme_gris\" width=\"184\" height=\"179\" srcset=\"https:\/\/timecode.nadirfilms.com\/wp-content\/uploads\/2016\/11\/palme_gris.png 1276w, https:\/\/timecode.nadirfilms.com\/wp-content\/uploads\/2016\/11\/palme_gris-300x292.png 300w, https:\/\/timecode.nadirfilms.com\/wp-content\/uploads\/2016\/11\/palme_gris-768x746.png 768w, https:\/\/timecode.nadirfilms.com\/wp-content\/uploads\/2016\/11\/palme_gris-1024x995.png 1024w\" sizes=\"auto, (max-width: 184px) 100vw, 184px\" \/><\/p>\n<ul>\n<li>Festival de Cannes &#8211; France<br \/>\n<strong><em>Palme d&#8217;Or Best Short Film<\/em><\/strong><\/li>\n<li>Festival de Curtmetratges del Masnou &#8211; Spain<br \/>\n<strong><em>Audience Award<\/em><\/strong><\/li>\n<li>Festival Internacional de Cine Cinema Jove de Valencia &#8211; Spain<br \/>\n<strong><em>Movistar Plus Award<\/em><\/strong><\/li>\n<li>International Best of Short Films Festival La Ciotat &#8211; France<br \/>\n<strong><em>La Mer de Bronze Award<br \/>\n<\/em><\/strong><strong style=\"line-height: 1.5;\"><em>Audience Award<\/em><\/strong><\/li>\n<li>Festival de cine de l&#8217;Alf\u00e1s del Pi &#8211; Spain<br \/>\n<strong><em>Best Short Film<br \/>\n<\/em><\/strong><strong style=\"line-height: 1.5;\"><em>Audience Award<br \/>\n<\/em><\/strong><strong style=\"line-height: 1.5;\"><em>Best Script<\/em><\/strong><\/li>\n<li>Jardin Sur Court &#8211; Vence &#8211; France<br \/>\n<strong><em>Premi\u00e8re soir\u00e9e &#8211; Prix du Public<\/em><\/strong><\/li>\n<li>Jumping Frames International Dance Video Competition &#8211; Hong Kong<br \/>\n<strong><em>Open Section: International Dance Video Award<\/em><\/strong><\/li>\n<li>Festival de Cine de Comedia de Tarazona y Moncayo &#8211; Spain<br \/>\n<strong><em>Best Short<br \/>\n<\/em><\/strong><strong style=\"line-height: 1.5;\"><em>Best Director<\/em><\/strong><\/li>\n<li>Festival de Court Metrages au Clair de Lune, Arles &#8211; France<br \/>\n<strong><i>Phare d&#8217;Or<\/i><\/strong><\/li>\n<li>Festival Internacional Bu\u00f1uel-Calanda &#8211; Spain<br \/>\n<strong><em>Jury Special Mention<\/em><\/strong><\/li>\n<li>Festival Internacional de Curtas Metragens S\u00e3o Paulo &#8211; Brasil<br \/>\n<em><strong>Top Audience\u00a0Favourite<\/strong><\/em><\/li>\n<li>Tenerife Shorts &#8211; Spain<br \/>\n<em><strong>Audience Award<br \/>\n<\/strong><\/em><\/li>\n<li>Riurau Festival &#8211; Spain<br \/>\n<em><strong>Special Prize<\/strong><\/em><\/li>\n<li>Festival de Cine Solidario de Guadalajara &#8211; Spain<br \/>\n<em><strong>Best Spanish Short<\/strong><\/em><\/li>\n<li>Mediterranean Short Film Festival of Tangier &#8211; Morocco<br \/>\n<strong><em>Jury Grand Prix<br \/>\n<\/em><\/strong><\/li>\n<li>Semana de cine corto de Sonseca &#8211; Spain<br \/>\n<strong><em>Best Short<br \/>\n<\/em><\/strong><strong style=\"line-height: 1.5;\"><em>Best Director<\/em><\/strong><\/li>\n<li>Film Fest Gent &#8211; Belgium<br \/>\n<strong><em>Best Short &#8211; Ghent nomination for the EFA qualifying round<\/em><\/strong><\/li>\n<li>Octubre Corto. Festival de Cine de Arnedo &#8211; Spain<br \/>\n<strong><em>Best Short<\/em><\/strong><\/li>\n<li>International Film Festival Totifest &#8211; Poland<br \/>\n<em><strong>Special Mention<\/strong><\/em><\/li>\n<li>\u00a0Festival Cin\u00e9ma M\u00e9diterran\u00e9en\u00a0Montpellier. CINEMED &#8211; France<br \/>\n<em><strong>Audience Award<\/strong><\/em> <strong><em>Midi Libre &#8211; Titra Film<\/em><\/strong><\/li>\n<li>UPPSALA International Short Film Festival &#8211; Sweden<br \/>\n<em><strong>UR Award<br \/>\n<\/strong><\/em><strong><em>Audience Award<\/em><\/strong><\/li>\n<li>Filmets Badalona Film Festival &#8211; Spain<br \/>\n<strong><em>Prize of Honor<\/em><\/strong><\/li>\n<li>Izmir Kisa Film Festival &#8211; Turkey<br \/>\n<strong><em>Best International Fiction Film<br \/>\n<\/em><\/strong><\/li>\n<li>Asiana International Film Festival &#8211; South Korea<br \/>\n<strong><em>Special Jury Award<\/em><\/strong><\/li>\n<li>Curta Cinema Rio de Janeiro &#8211; Brazil<br \/>\n<strong><em>Audience\u00a0Award<\/em><\/strong><\/li>\n<li>24fps International Short Film Festival &#8211; USA<br \/>\n<strong><em>Audience\u00a0Award<\/em><\/strong><\/li>\n<li><span data-offset-key=\"66guh-0-0\"><span data-text=\"true\">Choreoscope. International Dance Film Festival Barcelona<\/span><\/span> &#8211; Spain<br \/>\n<strong><em>Special Award to the exceptional contribution to Dance Cinema\u00a0<\/em><\/strong><\/li>\n<li>ALCINE &#8211; Festival de Cine de Alcal\u00e1 de Henares &#8211; Spain<br \/>\n<em><strong>Third Prize &#8220;Ciudad de Alcal\u00e1&#8221;<br \/>\n<\/strong><\/em><strong><em>Audience Award<\/em><\/strong><\/li>\n<li>Festival Europ\u00e9en du Film Court de Brest &#8211; France<em><strong><br \/>\n<\/strong><\/em><strong><em>European Award of the Brittany Regional Council <\/em><\/strong><em><strong><br \/>\nPasseurs of Courts Jury Award<\/strong><\/em><\/li>\n<li>\n<div>MOST. Festival Internacional de Cine del Vino y el Cava &#8211; Spain<\/div>\n<div><em><strong>Jury Special Mention<\/strong><\/em><\/div>\n<div><em><strong>Audience Award\u00a0<\/strong><\/em><\/div>\n<\/li>\n<li>Nuit du Court de Lausanne &#8211; Switzerland<br \/>\n<em><strong>Audience Award<\/strong><\/em><\/li>\n<li>CinemaForum &#8211; Poland<br \/>\n<em><strong>Audience Award<\/strong><\/em><\/li>\n<li>KFF. Kaohsiung Film Festival &#8211; Taiwan<br \/>\n<em><strong>Fantasy Fireball Award<\/strong><\/em><\/li>\n<li>IKUSKA. Muestra de Cortometraje de Pasaia &#8211; Spain<br \/>\n<em><strong>Best Short Film<\/strong><\/em><\/li>\n<li>FICAL. Festival Internacional de Cine de Almer\u00eda &#8211; Spain<br \/>\n<em><strong>Best International Short Film<\/strong><\/em><\/li>\n<li>Festival de Cortos Villa de la Orotava &#8211; Spain<br \/>\n<em><strong>Second Prize<\/strong><\/em><\/li>\n<li>ZINEBI, The Internacional Festival of Documentary and Shot Film of Bilbao &#8211; Spain<br \/>\n<em><strong>Grand Award of Spanish Cinema<\/strong><\/em><\/li>\n<li>Certamen Internacional de Cortos Ciudad de Soria &#8211; Spain<br \/>\n<strong><em>Best Short Film &#8211; Official Jury<br \/>\n<\/em><\/strong><strong style=\"line-height: 1.5;\"><em>Best National Short Film &#8211; Angel Mayor Jury<br \/>\n<\/em><\/strong><strong><em>We the Short Film Makers Award<\/em> <\/strong><\/li>\n<li>Festival International de Courts M\u00e9trages D\u2019Aix-en-Provence et du Pays D&#8217;aix &#8211; France<br \/>\n<em><strong>Young Jury Prize<\/strong><\/em><\/li>\n<li>Cortada, Festival de Cortos de Vitoria-Gasteiz \u2013 Spain<br \/>\n<strong><em>Big Prize<\/em><\/strong><\/li>\n<li>FICC. Festival de Cine de Cartagena &#8211; Spain<br \/>\n<em><strong>Cartagena City Silver Caravel to the Best Short Film<\/strong><\/em><\/li>\n<li>Festival Grand-Off &#8211; Poland<br \/>\n<em><strong>Best Directing Award<\/strong><\/em><em><strong><br \/>\n<\/strong><\/em><\/li>\n<li>ISDN. International Festival Signes de Nuit in Paris &#8211; France<br \/>\n<em><strong>Best Short Film Award &#8211; Student Jury<\/strong><\/em><\/li>\n<li>Whistler Film Festival &#8211; Canada<br \/>\n<em><strong>International Shortwork Award<\/strong><\/em><em><strong><br \/>\n<\/strong><\/em><\/li>\n<li>Paris Courts Devant &#8211; France<br \/>\n<strong><em>Toutes S\u00e9lections Confondues Audience Award<\/em><\/strong><\/li>\n<li>Festival de Cortometrajes de Aguilar de Campoo &#8211; Spain<br \/>\n<strong><em>Best Short Film<br \/>\n<\/em><\/strong><strong style=\"line-height: 1.5;\"><em>Best Editing Award<br \/>\n<\/em><\/strong><\/li>\n<li>Cortogenia.\u00a0Temporada de estrenos de cortometrajes &#8211; Spain<br \/>\n<strong><em>Best Original Music Award<br \/>\n<\/em><\/strong><strong style=\"line-height: 1.5;\"><em>Distribution Award<\/em><\/strong><\/li>\n<li>Flickerfest. Sidney &#8211; Australia<br \/>\n<em><strong>Special Mention for Windows on Europe<br \/>\n<\/strong><\/em><\/li>\n<li><span id=\"result_box\" class=\"\" lang=\"en\"><span class=\"\">Irvine International Film Festival<\/span><\/span> &#8211; USA<br \/>\n<em><strong>Best of Fest<br \/>\n<\/strong><\/em><\/li>\n<li><span id=\"result_box\" class=\"\" lang=\"en\"><span class=\"\">Minimalen Short Film Festival &#8211; Norway<\/span><\/span><br \/>\n<em><strong>International Competition Audience Award<\/strong><\/em><\/li>\n<li>Gaud\u00ed Awards. Catalan Film Academy &#8211; Spain<br \/>\n<em><strong>Best Live Action Short Film<\/strong><\/em><\/li>\n<li>Barcelona Culture Institute &#8211; Spain<br \/>\n<em><strong>Audiovisual\u00a0<\/strong><\/em><em><strong>Barcelona City Award<br \/>\n<\/strong><\/em><\/li>\n<li>Goya Awards. Spanish Film Academy &#8211; Spain<br \/>\n<em><strong>Best Live Action Short Film<\/strong><\/em><\/li>\n<li>Bunter Hund. International Short Film Festival Munich &#8211; Germany<br \/>\n<em><strong><span data-offset-key=\"ddp7j-2-0\">Hasso Film Award &#8211; Audience Award<br \/>\n<\/span><\/strong><\/em><\/li>\n<li>FEC. European Film Festival &#8211; Spain<br \/>\n<strong><em>Third Prize Best Short Film<br \/>\n<\/em><\/strong><strong style=\"line-height: 1.5;\"><em>Best Catalan Short Film<\/em><\/strong><\/li>\n<li>Festival du Cin\u00e9ma Espagnol de Nantes &#8211; France<br \/>\n<em><strong>Best Short Film<\/strong><\/em><\/li>\n<li>Mostra de Cinema Llatinoameric\u00e0 de Catalunya &#8211; Spain<br \/>\n<strong><em>Special Mention<\/em><\/strong><\/li>\n<li>Travers\u00e9es. Festival de Cin\u00e9ma du Pays de Lunel &#8211; France<br \/>\n<strong><em>Public Prize<\/em><\/strong><\/li>\n<li>Formentera Film &#8211; Spain<br \/>\n<strong><em>Jury Special Mention<br \/>\n<\/em><\/strong><strong style=\"line-height: 1.5;\"><em>Young Jury Award<br \/>\n<\/em><\/strong><strong><em>Audience Award<\/em> <\/strong><\/li>\n<li>Radio City. Festival internacional de cortometrajes &#8211; Spain<br \/>\n<em><strong>Audience Award<\/strong><\/em><\/li>\n<li><span id=\"m_-5082706731223565318yui_3_16_0_ym19_1_1503480033757_6322\"><\/span>Festival Mediteranskog Filma Split &#8211; Croatia<br \/>\n<em><strong>Best Foreign Short Film<\/strong><\/em><\/li>\n<li>XVI Concurso Iberoamericano de Cortometrajes Versi\u00f3n Espa\u00f1ola-SGAE &#8211; Spain<br \/>\n<em><strong>Second Prize<br \/>\n<\/strong><\/em><\/li>\n<li>KORTERRAZA &#8211; Spain<br \/>\n<em><strong>First Prize. \u00c1lex Angulo Award <\/strong><\/em><\/li>\n<li><span id=\"m_-5082706731223565318yui_3_16_0_ym19_1_1503480033757_6319\"><\/span><span id=\"m_-5082706731223565318yui_3_16_0_ym19_1_1503480033757_6321\"><\/span><span id=\"m_-5082706731223565318yui_3_16_0_ym19_1_1503480033757_6322\">Iranian Annually Short Film Award<\/span> &#8211; Iran<br \/>\n<em><strong>Best Foreign Short Film<br \/>\n<\/strong><\/em><\/li>\n<li>FIC BUEU. Festival Internacional de Cortometrajes de Bueu &#8211; Spain<br \/>\n<em><strong>Audience Award<\/strong><\/em><\/li>\n<li>Korterraza. El Retiro &#8211; Spain<br \/>\n<em><strong>Audience Award<\/strong><\/em><\/li>\n<li>Court c&#8217;est Court! Short Film Festival &#8211; France<br \/>\n<em><strong>Audience Award<\/strong><\/em><\/li>\n<li>Festival International S\u00e9quence Court M\u00e9trage &#8211; France<br \/>\n<em><strong>Audience Award<\/strong><\/em><\/li>\n<li>CSFF. China International Short Film Festival &#8211; China<br \/>\n<em><strong>Kingbonn Award<\/strong><\/em><\/li>\n<li>Festival Courts dans la vall\u00e9e &#8211; France<br \/>\n<strong><em>Jury Award<br \/>\n<\/em><\/strong><strong><em>Audience Award<\/em><\/strong><\/li>\n<li>European Film Awards<br \/>\n<em><strong>European Short Film<br \/>\n<\/strong><\/em><\/li>\n<li>Cinedans Amsterdam &#8211; Netherlands<br \/>\n<em><strong>Audience Award<\/strong><\/em><\/li>\n<li>Regensburg KurzFilmwoche &#8211; Germany<br \/>\n<em><strong>Audience Award<\/strong><\/em><\/li>\n<li>Loikka Dance Film Festival &#8211; Finland<br \/>\n<em><strong>Audience Award<\/strong><\/em><\/li>\n<li>G\u00e4ssli Film Festival &#8211; Switzerland<br \/>\n<em><strong>Best International Short<\/strong><\/em><\/li>\n<li>dotdotdot Festival &#8211; Austria<br \/>\n<em><strong>Audience Award<\/strong><\/em><\/li>\n<\/ul>\n","protected":false},"excerpt":{"rendered":"<p>&nbsp; Festival de Cannes &#8211; France Palme d&#8217;Or Best Short Film Festival de Curtmetratges del Masnou &#8211; Spain Audience Award Festival Internacional de Cine Cinema Jove de Valencia &#8211; Spain Movistar Plus Award International Best of Short Films Festival La Ciotat &#8211; France La Mer de Bronze Award Audience Award Festival de cine de l&#8217;Alf\u00e1s [&hellip;]<\/p>\n","protected":false},"author":2,"featured_media":0,"parent":0,"menu_order":0,"comment_status":"closed","ping_status":"closed","template":"","meta":{"footnotes":"","_links_to":"","_links_to_target":""},"class_list":["post-56","page","type-page","status-publish","hentry"],"_links":{"self":[{"href":"https:\/\/timecode.nadirfilms.com\/index.php?rest_route=\/wp\/v2\/pages\/56","targetHints":{"allow":["GET"]}}],"collection":[{"href":"https:\/\/timecode.nadirfilms.com\/index.php?rest_route=\/wp\/v2\/pages"}],"about":[{"href":"https:\/\/timecode.nadirfilms.com\/index.php?rest_route=\/wp\/v2\/types\/page"}],"author":[{"embeddable":true,"href":"https:\/\/timecode.nadirfilms.com\/index.php?rest_route=\/wp\/v2\/users\/2"}],"replies":[{"embeddable":true,"href":"https:\/\/timecode.nadirfilms.com\/index.php?rest_route=%2Fwp%2Fv2%2Fcomments&post=56"}],"version-history":[{"count":94,"href":"https:\/\/timecode.nadirfilms.com\/index.php?rest_route=\/wp\/v2\/pages\/56\/revisions"}],"predecessor-version":[{"id":842,"href":"https:\/\/timecode.nadirfilms.com\/index.php?rest_route=\/wp\/v2\/pages\/56\/revisions\/842"}],"wp:attachment":[{"href":"https:\/\/timecode.nadirfilms.com\/index.php?rest_route=%2Fwp%2Fv2%2Fmedia&parent=56"}],"curies":[{"name":"wp","href":"https:\/\/api.w.org\/{rel}","templated":true}]}}